
{"id":3318,"date":"2021-03-19T17:29:07","date_gmt":"2021-03-19T21:29:07","guid":{"rendered":"https:\/\/spray-sensors.shany.ca\/research\/dpv\/"},"modified":"2026-01-19T11:13:04","modified_gmt":"2026-01-19T16:13:04","slug":"dpv","status":"publish","type":"page","link":"https:\/\/spraysensors.tecnar.com\/fr\/recherche\/dpv\/","title":{"rendered":"DPV Evolution"},"content":{"rendered":"","protected":false},"excerpt":{"rendered":"<p> [&#8230;]<\/p>\n<p><a class=\"btn btn-secondary understrap-read-more-link\" href=\"https:\/\/spraysensors.tecnar.com\/fr\/recherche\/dpv\/\">Read More&#8230;<\/a><\/p>\n","protected":false},"author":2,"featured_media":0,"parent":3316,"menu_order":0,"comment_status":"closed","ping_status":"closed","template":"page-templates\/tmp_flexible.php","meta":{"_acf_changed":false,"footnotes":""},"acf":[],"yoast_head":"<!-- This site is optimized with the Yoast SEO plugin v24.2 - https:\/\/yoast.com\/wordpress\/plugins\/seo\/ -->\n<title>Le DPV Evolution : comprendre la dynamique des particules en vol | Tecnar<\/title>\n<meta name=\"description\" content=\"Le DPV Evolution reste la m\u00e9thode privil\u00e9gi\u00e9e par les chercheurs en mati\u00e8re de caract\u00e9risation des particules en projection thermique.\" \/>\n<meta name=\"robots\" content=\"index, follow, max-snippet:-1, max-image-preview:large, max-video-preview:-1\" \/>\n<link rel=\"canonical\" href=\"https:\/\/spraysensors.tecnar.com\/fr\/recherche\/dpv\/\" \/>\n<meta property=\"og:locale\" content=\"fr_FR\" \/>\n<meta property=\"og:type\" content=\"article\" \/>\n<meta property=\"og:title\" content=\"Le DPV Evolution : comprendre la dynamique des particules en vol | Tecnar\" \/>\n<meta property=\"og:description\" content=\"Le DPV Evolution reste la m\u00e9thode privil\u00e9gi\u00e9e par les chercheurs en mati\u00e8re de caract\u00e9risation des particules en projection thermique.\" \/>\n<meta property=\"og:url\" content=\"https:\/\/spraysensors.tecnar.com\/fr\/recherche\/dpv\/\" \/>\n<meta property=\"og:site_name\" content=\"Tecnar Thermal Spray\" \/>\n<meta property=\"article:publisher\" content=\"https:\/\/www.facebook.com\/tecnarautomation\" \/>\n<meta property=\"article:modified_time\" content=\"2026-01-19T16:13:04+00:00\" \/>\n<meta property=\"og:image\" content=\"https:\/\/spraysensors.tecnar.com\/wp-content\/uploads\/2021\/05\/Spray-Sensors-Hero-web-2.png\" \/>\n\t<meta property=\"og:image:width\" content=\"1200\" \/>\n\t<meta property=\"og:image:height\" content=\"627\" \/>\n\t<meta property=\"og:image:type\" content=\"image\/png\" \/>\n<meta name=\"twitter:card\" content=\"summary_large_image\" \/>\n<meta name=\"twitter:title\" content=\"Le DPV Evolution : comprendre la dynamique des particules en vol | Tecnar\" \/>\n<meta name=\"twitter:description\" content=\"Le DPV Evolution reste la m\u00e9thode privil\u00e9gi\u00e9e par les chercheurs en mati\u00e8re de caract\u00e9risation des particules en projection thermique.\" \/>\n<meta name=\"twitter:image\" content=\"https:\/\/spraysensors.tecnar.com\/wp-content\/uploads\/2021\/05\/Spray-Sensors-Hero-web-2.png\" \/>\n<script type=\"application\/ld+json\" class=\"yoast-schema-graph\">{\"@context\":\"https:\/\/schema.org\",\"@graph\":[{\"@type\":\"WebPage\",\"@id\":\"https:\/\/spraysensors.tecnar.com\/fr\/recherche\/dpv\/\",\"url\":\"https:\/\/spraysensors.tecnar.com\/fr\/recherche\/dpv\/\",\"name\":\"Le DPV Evolution : comprendre la dynamique des particules en vol | Tecnar\",\"isPartOf\":{\"@id\":\"https:\/\/spray-sensors.shany.ca\/#website\"},\"datePublished\":\"2021-03-19T21:29:07+00:00\",\"dateModified\":\"2026-01-19T16:13:04+00:00\",\"description\":\"Le DPV Evolution reste la m\u00e9thode privil\u00e9gi\u00e9e par les chercheurs en mati\u00e8re de caract\u00e9risation des particules en projection thermique.\",\"breadcrumb\":{\"@id\":\"https:\/\/spraysensors.tecnar.com\/fr\/recherche\/dpv\/#breadcrumb\"},\"inLanguage\":\"fr-FR\",\"potentialAction\":[{\"@type\":\"ReadAction\",\"target\":[\"https:\/\/spraysensors.tecnar.com\/fr\/recherche\/dpv\/\"]}]},{\"@type\":\"BreadcrumbList\",\"@id\":\"https:\/\/spraysensors.tecnar.com\/fr\/recherche\/dpv\/#breadcrumb\",\"itemListElement\":[{\"@type\":\"ListItem\",\"position\":1,\"name\":\"Home\",\"item\":\"https:\/\/spraysensors.tecnar.com\/fr\/\"},{\"@type\":\"ListItem\",\"position\":2,\"name\":\"Recherche\",\"item\":\"https:\/\/spray-sensors.shany.ca\/fr\/recherche\/\"},{\"@type\":\"ListItem\",\"position\":3,\"name\":\"DPV Evolution\"}]},{\"@type\":\"WebSite\",\"@id\":\"https:\/\/spray-sensors.shany.ca\/#website\",\"url\":\"https:\/\/spray-sensors.shany.ca\/\",\"name\":\"Spray Sensors\",\"description\":\"\",\"publisher\":{\"@id\":\"https:\/\/spray-sensors.shany.ca\/#organization\"},\"potentialAction\":[{\"@type\":\"SearchAction\",\"target\":{\"@type\":\"EntryPoint\",\"urlTemplate\":\"https:\/\/spray-sensors.shany.ca\/?s={search_term_string}\"},\"query-input\":{\"@type\":\"PropertyValueSpecification\",\"valueRequired\":true,\"valueName\":\"search_term_string\"}}],\"inLanguage\":\"fr-FR\"},{\"@type\":\"Organization\",\"@id\":\"https:\/\/spray-sensors.shany.ca\/#organization\",\"name\":\"Tecnar Automation Ltd\",\"url\":\"https:\/\/spray-sensors.shany.ca\/\",\"logo\":{\"@type\":\"ImageObject\",\"inLanguage\":\"fr-FR\",\"@id\":\"https:\/\/spray-sensors.shany.ca\/#\/schema\/logo\/image\/\",\"url\":\"https:\/\/spraysensors.tecnar.com\/wp-content\/uploads\/2021\/05\/cropped-Logo_web_480x215-2.png\",\"contentUrl\":\"https:\/\/spraysensors.tecnar.com\/wp-content\/uploads\/2021\/05\/cropped-Logo_web_480x215-2.png\",\"width\":480,\"height\":186,\"caption\":\"Tecnar Automation Ltd\"},\"image\":{\"@id\":\"https:\/\/spray-sensors.shany.ca\/#\/schema\/logo\/image\/\"},\"sameAs\":[\"https:\/\/www.facebook.com\/tecnarautomation\",\"https:\/\/www.linkedin.com\/showcase\/tecnar-thermal-spray\",\"https:\/\/www.youtube.com\/@tecnarchannel2194\"]}]}<\/script>\n<!-- \/ Yoast SEO plugin. -->","yoast_head_json":{"title":"Le DPV Evolution : comprendre la dynamique des particules en vol | Tecnar","description":"Le DPV Evolution reste la m\u00e9thode privil\u00e9gi\u00e9e par les chercheurs en mati\u00e8re de caract\u00e9risation des particules en projection thermique.","robots":{"index":"index","follow":"follow","max-snippet":"max-snippet:-1","max-image-preview":"max-image-preview:large","max-video-preview":"max-video-preview:-1"},"canonical":"https:\/\/spraysensors.tecnar.com\/fr\/recherche\/dpv\/","og_locale":"fr_FR","og_type":"article","og_title":"Le DPV Evolution : comprendre la dynamique des particules en vol | Tecnar","og_description":"Le DPV Evolution reste la m\u00e9thode privil\u00e9gi\u00e9e par les chercheurs en mati\u00e8re de caract\u00e9risation des particules en projection thermique.","og_url":"https:\/\/spraysensors.tecnar.com\/fr\/recherche\/dpv\/","og_site_name":"Tecnar Thermal Spray","article_publisher":"https:\/\/www.facebook.com\/tecnarautomation","article_modified_time":"2026-01-19T16:13:04+00:00","og_image":[{"width":1200,"height":627,"url":"https:\/\/spraysensors.tecnar.com\/wp-content\/uploads\/2021\/05\/Spray-Sensors-Hero-web-2.png","type":"image\/png"}],"twitter_card":"summary_large_image","twitter_title":"Le DPV Evolution : comprendre la dynamique des particules en vol | Tecnar","twitter_description":"Le DPV Evolution reste la m\u00e9thode privil\u00e9gi\u00e9e par les chercheurs en mati\u00e8re de caract\u00e9risation des particules en projection thermique.","twitter_image":"https:\/\/spraysensors.tecnar.com\/wp-content\/uploads\/2021\/05\/Spray-Sensors-Hero-web-2.png","schema":{"@context":"https:\/\/schema.org","@graph":[{"@type":"WebPage","@id":"https:\/\/spraysensors.tecnar.com\/fr\/recherche\/dpv\/","url":"https:\/\/spraysensors.tecnar.com\/fr\/recherche\/dpv\/","name":"Le DPV Evolution : comprendre la dynamique des particules en vol | Tecnar","isPartOf":{"@id":"https:\/\/spray-sensors.shany.ca\/#website"},"datePublished":"2021-03-19T21:29:07+00:00","dateModified":"2026-01-19T16:13:04+00:00","description":"Le DPV Evolution reste la m\u00e9thode privil\u00e9gi\u00e9e par les chercheurs en mati\u00e8re de caract\u00e9risation des particules en projection thermique.","breadcrumb":{"@id":"https:\/\/spraysensors.tecnar.com\/fr\/recherche\/dpv\/#breadcrumb"},"inLanguage":"fr-FR","potentialAction":[{"@type":"ReadAction","target":["https:\/\/spraysensors.tecnar.com\/fr\/recherche\/dpv\/"]}]},{"@type":"BreadcrumbList","@id":"https:\/\/spraysensors.tecnar.com\/fr\/recherche\/dpv\/#breadcrumb","itemListElement":[{"@type":"ListItem","position":1,"name":"Home","item":"https:\/\/spraysensors.tecnar.com\/fr\/"},{"@type":"ListItem","position":2,"name":"Recherche","item":"https:\/\/spray-sensors.shany.ca\/fr\/recherche\/"},{"@type":"ListItem","position":3,"name":"DPV Evolution"}]},{"@type":"WebSite","@id":"https:\/\/spray-sensors.shany.ca\/#website","url":"https:\/\/spray-sensors.shany.ca\/","name":"Spray Sensors","description":"","publisher":{"@id":"https:\/\/spray-sensors.shany.ca\/#organization"},"potentialAction":[{"@type":"SearchAction","target":{"@type":"EntryPoint","urlTemplate":"https:\/\/spray-sensors.shany.ca\/?s={search_term_string}"},"query-input":{"@type":"PropertyValueSpecification","valueRequired":true,"valueName":"search_term_string"}}],"inLanguage":"fr-FR"},{"@type":"Organization","@id":"https:\/\/spray-sensors.shany.ca\/#organization","name":"Tecnar Automation Ltd","url":"https:\/\/spray-sensors.shany.ca\/","logo":{"@type":"ImageObject","inLanguage":"fr-FR","@id":"https:\/\/spray-sensors.shany.ca\/#\/schema\/logo\/image\/","url":"https:\/\/spraysensors.tecnar.com\/wp-content\/uploads\/2021\/05\/cropped-Logo_web_480x215-2.png","contentUrl":"https:\/\/spraysensors.tecnar.com\/wp-content\/uploads\/2021\/05\/cropped-Logo_web_480x215-2.png","width":480,"height":186,"caption":"Tecnar Automation Ltd"},"image":{"@id":"https:\/\/spray-sensors.shany.ca\/#\/schema\/logo\/image\/"},"sameAs":["https:\/\/www.facebook.com\/tecnarautomation","https:\/\/www.linkedin.com\/showcase\/tecnar-thermal-spray","https:\/\/www.youtube.com\/@tecnarchannel2194"]}]}},"_links":{"self":[{"href":"https:\/\/spraysensors.tecnar.com\/fr\/wp-json\/wp\/v2\/pages\/3318"}],"collection":[{"href":"https:\/\/spraysensors.tecnar.com\/fr\/wp-json\/wp\/v2\/pages"}],"about":[{"href":"https:\/\/spraysensors.tecnar.com\/fr\/wp-json\/wp\/v2\/types\/page"}],"author":[{"embeddable":true,"href":"https:\/\/spraysensors.tecnar.com\/fr\/wp-json\/wp\/v2\/users\/2"}],"replies":[{"embeddable":true,"href":"https:\/\/spraysensors.tecnar.com\/fr\/wp-json\/wp\/v2\/comments?post=3318"}],"version-history":[{"count":20,"href":"https:\/\/spraysensors.tecnar.com\/fr\/wp-json\/wp\/v2\/pages\/3318\/revisions"}],"predecessor-version":[{"id":7616,"href":"https:\/\/spraysensors.tecnar.com\/fr\/wp-json\/wp\/v2\/pages\/3318\/revisions\/7616"}],"up":[{"embeddable":true,"href":"https:\/\/spraysensors.tecnar.com\/fr\/wp-json\/wp\/v2\/pages\/3316"}],"wp:attachment":[{"href":"https:\/\/spraysensors.tecnar.com\/fr\/wp-json\/wp\/v2\/media?parent=3318"}],"curies":[{"name":"wp","href":"https:\/\/api.w.org\/{rel}","templated":true}]}}