
{"id":3325,"date":"2021-03-19T17:40:08","date_gmt":"2021-03-19T21:40:08","guid":{"rendered":"https:\/\/spray-sensors.shany.ca\/case-studies\/fst-bv\/"},"modified":"2022-07-13T14:37:02","modified_gmt":"2022-07-13T18:37:02","slug":"fst-bv","status":"publish","type":"page","link":"https:\/\/spraysensors.tecnar.com\/fr\/etude-de-cas\/fst-bv\/","title":{"rendered":"FST BV"},"content":{"rendered":"","protected":false},"excerpt":{"rendered":"<p> [&#8230;]<\/p>\n<p><a class=\"btn btn-secondary understrap-read-more-link\" href=\"https:\/\/spraysensors.tecnar.com\/fr\/etude-de-cas\/fst-bv\/\">Read More&#8230;<\/a><\/p>\n","protected":false},"author":2,"featured_media":0,"parent":3284,"menu_order":0,"comment_status":"closed","ping_status":"closed","template":"page-templates\/tmp_flexible.php","meta":{"_acf_changed":false,"footnotes":""},"acf":[],"yoast_head":"<!-- This site is optimized with the Yoast SEO plugin v24.2 - https:\/\/yoast.com\/wordpress\/plugins\/seo\/ -->\n<title>\u00c9tudes de cas sur les senseurs de projection : Flame Spray Technologies (FST) | Tecnar<\/title>\n<meta name=\"description\" content=\"Flame Spray Technologies (FST) int\u00e8gre enti\u00e8rement l\u2019Accuraspray 4.0 de Tecnar \u00e0 son syst\u00e8me de projection thermique cl\u00e9 en main dans le but de faciliter la prise de d\u00e9cision de type \u00ab Go \/ No go \u00bb.\" \/>\n<meta name=\"robots\" content=\"index, follow, max-snippet:-1, max-image-preview:large, max-video-preview:-1\" \/>\n<link rel=\"canonical\" href=\"https:\/\/spraysensors.tecnar.com\/fr\/etude-de-cas\/fst-bv\/\" \/>\n<meta property=\"og:locale\" content=\"fr_FR\" \/>\n<meta property=\"og:type\" content=\"article\" \/>\n<meta property=\"og:title\" content=\"Spray Sensors Case Studies: Flame Spray Technologies (FST)| Tecnar\" \/>\n<meta property=\"og:description\" content=\"FST fully integrates Tecnar&#039;s Accuraspray 4.0 into their turnkey thermal spray system to perform Go\/No Go decisions.\" \/>\n<meta property=\"og:url\" content=\"https:\/\/spraysensors.tecnar.com\/fr\/etude-de-cas\/fst-bv\/\" \/>\n<meta property=\"og:site_name\" content=\"Tecnar Thermal Spray\" \/>\n<meta property=\"article:publisher\" content=\"https:\/\/www.facebook.com\/tecnarautomation\" \/>\n<meta property=\"article:modified_time\" content=\"2022-07-13T18:37:02+00:00\" \/>\n<meta property=\"og:image\" content=\"https:\/\/spray-sensors.shany.ca\/wp-content\/uploads\/2021\/05\/Spray-Sensors-Hero-web-10.png\" \/>\n\t<meta property=\"og:image:width\" content=\"1200\" \/>\n\t<meta property=\"og:image:height\" content=\"627\" \/>\n\t<meta property=\"og:image:type\" content=\"image\/png\" \/>\n<meta name=\"twitter:card\" content=\"summary_large_image\" \/>\n<meta name=\"twitter:title\" content=\"Spray Sensors Case Studies: Flame Spray Technologies (FST)| Tecnar\" \/>\n<meta name=\"twitter:description\" content=\"FST fully integrates Tecnar&#039;s Accuraspray 4.0 into their turnkey thermal spray system to perform Go\/No Go decisions.\" \/>\n<meta name=\"twitter:image\" content=\"https:\/\/spraysensors.tecnar.com\/wp-content\/uploads\/2021\/05\/Spray-Sensors-Hero-web-10.png\" \/>\n<script type=\"application\/ld+json\" class=\"yoast-schema-graph\">{\"@context\":\"https:\/\/schema.org\",\"@graph\":[{\"@type\":\"WebPage\",\"@id\":\"https:\/\/spraysensors.tecnar.com\/fr\/etude-de-cas\/fst-bv\/\",\"url\":\"https:\/\/spraysensors.tecnar.com\/fr\/etude-de-cas\/fst-bv\/\",\"name\":\"\u00c9tudes de cas sur les senseurs de projection : Flame Spray Technologies (FST) | Tecnar\",\"isPartOf\":{\"@id\":\"https:\/\/spray-sensors.shany.ca\/#website\"},\"datePublished\":\"2021-03-19T21:40:08+00:00\",\"dateModified\":\"2022-07-13T18:37:02+00:00\",\"description\":\"Flame Spray Technologies (FST) int\u00e8gre enti\u00e8rement l\u2019Accuraspray 4.0 de Tecnar \u00e0 son syst\u00e8me de projection thermique cl\u00e9 en main dans le but de faciliter la prise de d\u00e9cision de type \u00ab Go \/ No go \u00bb.\",\"breadcrumb\":{\"@id\":\"https:\/\/spraysensors.tecnar.com\/fr\/etude-de-cas\/fst-bv\/#breadcrumb\"},\"inLanguage\":\"fr-FR\",\"potentialAction\":[{\"@type\":\"ReadAction\",\"target\":[\"https:\/\/spraysensors.tecnar.com\/fr\/etude-de-cas\/fst-bv\/\"]}]},{\"@type\":\"BreadcrumbList\",\"@id\":\"https:\/\/spraysensors.tecnar.com\/fr\/etude-de-cas\/fst-bv\/#breadcrumb\",\"itemListElement\":[{\"@type\":\"ListItem\",\"position\":1,\"name\":\"Home\",\"item\":\"https:\/\/spraysensors.tecnar.com\/fr\/\"},{\"@type\":\"ListItem\",\"position\":2,\"name\":\"\u00c9tude de cas\",\"item\":\"https:\/\/spray-sensors.shany.ca\/fr\/etude-de-cas\/\"},{\"@type\":\"ListItem\",\"position\":3,\"name\":\"FST BV\"}]},{\"@type\":\"WebSite\",\"@id\":\"https:\/\/spray-sensors.shany.ca\/#website\",\"url\":\"https:\/\/spray-sensors.shany.ca\/\",\"name\":\"Spray Sensors\",\"description\":\"\",\"publisher\":{\"@id\":\"https:\/\/spray-sensors.shany.ca\/#organization\"},\"potentialAction\":[{\"@type\":\"SearchAction\",\"target\":{\"@type\":\"EntryPoint\",\"urlTemplate\":\"https:\/\/spray-sensors.shany.ca\/?s={search_term_string}\"},\"query-input\":{\"@type\":\"PropertyValueSpecification\",\"valueRequired\":true,\"valueName\":\"search_term_string\"}}],\"inLanguage\":\"fr-FR\"},{\"@type\":\"Organization\",\"@id\":\"https:\/\/spray-sensors.shany.ca\/#organization\",\"name\":\"Tecnar Automation Ltd\",\"url\":\"https:\/\/spray-sensors.shany.ca\/\",\"logo\":{\"@type\":\"ImageObject\",\"inLanguage\":\"fr-FR\",\"@id\":\"https:\/\/spray-sensors.shany.ca\/#\/schema\/logo\/image\/\",\"url\":\"https:\/\/spraysensors.tecnar.com\/wp-content\/uploads\/2021\/05\/cropped-Logo_web_480x215-2.png\",\"contentUrl\":\"https:\/\/spraysensors.tecnar.com\/wp-content\/uploads\/2021\/05\/cropped-Logo_web_480x215-2.png\",\"width\":480,\"height\":186,\"caption\":\"Tecnar Automation Ltd\"},\"image\":{\"@id\":\"https:\/\/spray-sensors.shany.ca\/#\/schema\/logo\/image\/\"},\"sameAs\":[\"https:\/\/www.facebook.com\/tecnarautomation\",\"https:\/\/www.linkedin.com\/showcase\/tecnar-thermal-spray\",\"https:\/\/www.youtube.com\/@tecnarchannel2194\"]}]}<\/script>\n<!-- \/ Yoast SEO plugin. -->","yoast_head_json":{"title":"\u00c9tudes de cas sur les senseurs de projection : Flame Spray Technologies (FST) | Tecnar","description":"Flame Spray Technologies (FST) int\u00e8gre enti\u00e8rement l\u2019Accuraspray 4.0 de Tecnar \u00e0 son syst\u00e8me de projection thermique cl\u00e9 en main dans le but de faciliter la prise de d\u00e9cision de type \u00ab Go \/ No go \u00bb.","robots":{"index":"index","follow":"follow","max-snippet":"max-snippet:-1","max-image-preview":"max-image-preview:large","max-video-preview":"max-video-preview:-1"},"canonical":"https:\/\/spraysensors.tecnar.com\/fr\/etude-de-cas\/fst-bv\/","og_locale":"fr_FR","og_type":"article","og_title":"Spray Sensors Case Studies: Flame Spray Technologies (FST)| Tecnar","og_description":"FST fully integrates Tecnar's Accuraspray 4.0 into their turnkey thermal spray system to perform Go\/No Go decisions.","og_url":"https:\/\/spraysensors.tecnar.com\/fr\/etude-de-cas\/fst-bv\/","og_site_name":"Tecnar Thermal Spray","article_publisher":"https:\/\/www.facebook.com\/tecnarautomation","article_modified_time":"2022-07-13T18:37:02+00:00","og_image":[{"width":1200,"height":627,"url":"https:\/\/spray-sensors.shany.ca\/wp-content\/uploads\/2021\/05\/Spray-Sensors-Hero-web-10.png","type":"image\/png"}],"twitter_card":"summary_large_image","twitter_title":"Spray Sensors Case Studies: Flame Spray Technologies (FST)| Tecnar","twitter_description":"FST fully integrates Tecnar's Accuraspray 4.0 into their turnkey thermal spray system to perform Go\/No Go decisions.","twitter_image":"https:\/\/spraysensors.tecnar.com\/wp-content\/uploads\/2021\/05\/Spray-Sensors-Hero-web-10.png","schema":{"@context":"https:\/\/schema.org","@graph":[{"@type":"WebPage","@id":"https:\/\/spraysensors.tecnar.com\/fr\/etude-de-cas\/fst-bv\/","url":"https:\/\/spraysensors.tecnar.com\/fr\/etude-de-cas\/fst-bv\/","name":"\u00c9tudes de cas sur les senseurs de projection : Flame Spray Technologies (FST) | Tecnar","isPartOf":{"@id":"https:\/\/spray-sensors.shany.ca\/#website"},"datePublished":"2021-03-19T21:40:08+00:00","dateModified":"2022-07-13T18:37:02+00:00","description":"Flame Spray Technologies (FST) int\u00e8gre enti\u00e8rement l\u2019Accuraspray 4.0 de Tecnar \u00e0 son syst\u00e8me de projection thermique cl\u00e9 en main dans le but de faciliter la prise de d\u00e9cision de type \u00ab Go \/ No go \u00bb.","breadcrumb":{"@id":"https:\/\/spraysensors.tecnar.com\/fr\/etude-de-cas\/fst-bv\/#breadcrumb"},"inLanguage":"fr-FR","potentialAction":[{"@type":"ReadAction","target":["https:\/\/spraysensors.tecnar.com\/fr\/etude-de-cas\/fst-bv\/"]}]},{"@type":"BreadcrumbList","@id":"https:\/\/spraysensors.tecnar.com\/fr\/etude-de-cas\/fst-bv\/#breadcrumb","itemListElement":[{"@type":"ListItem","position":1,"name":"Home","item":"https:\/\/spraysensors.tecnar.com\/fr\/"},{"@type":"ListItem","position":2,"name":"\u00c9tude de cas","item":"https:\/\/spray-sensors.shany.ca\/fr\/etude-de-cas\/"},{"@type":"ListItem","position":3,"name":"FST BV"}]},{"@type":"WebSite","@id":"https:\/\/spray-sensors.shany.ca\/#website","url":"https:\/\/spray-sensors.shany.ca\/","name":"Spray Sensors","description":"","publisher":{"@id":"https:\/\/spray-sensors.shany.ca\/#organization"},"potentialAction":[{"@type":"SearchAction","target":{"@type":"EntryPoint","urlTemplate":"https:\/\/spray-sensors.shany.ca\/?s={search_term_string}"},"query-input":{"@type":"PropertyValueSpecification","valueRequired":true,"valueName":"search_term_string"}}],"inLanguage":"fr-FR"},{"@type":"Organization","@id":"https:\/\/spray-sensors.shany.ca\/#organization","name":"Tecnar Automation Ltd","url":"https:\/\/spray-sensors.shany.ca\/","logo":{"@type":"ImageObject","inLanguage":"fr-FR","@id":"https:\/\/spray-sensors.shany.ca\/#\/schema\/logo\/image\/","url":"https:\/\/spraysensors.tecnar.com\/wp-content\/uploads\/2021\/05\/cropped-Logo_web_480x215-2.png","contentUrl":"https:\/\/spraysensors.tecnar.com\/wp-content\/uploads\/2021\/05\/cropped-Logo_web_480x215-2.png","width":480,"height":186,"caption":"Tecnar Automation Ltd"},"image":{"@id":"https:\/\/spray-sensors.shany.ca\/#\/schema\/logo\/image\/"},"sameAs":["https:\/\/www.facebook.com\/tecnarautomation","https:\/\/www.linkedin.com\/showcase\/tecnar-thermal-spray","https:\/\/www.youtube.com\/@tecnarchannel2194"]}]}},"_links":{"self":[{"href":"https:\/\/spraysensors.tecnar.com\/fr\/wp-json\/wp\/v2\/pages\/3325"}],"collection":[{"href":"https:\/\/spraysensors.tecnar.com\/fr\/wp-json\/wp\/v2\/pages"}],"about":[{"href":"https:\/\/spraysensors.tecnar.com\/fr\/wp-json\/wp\/v2\/types\/page"}],"author":[{"embeddable":true,"href":"https:\/\/spraysensors.tecnar.com\/fr\/wp-json\/wp\/v2\/users\/2"}],"replies":[{"embeddable":true,"href":"https:\/\/spraysensors.tecnar.com\/fr\/wp-json\/wp\/v2\/comments?post=3325"}],"version-history":[{"count":4,"href":"https:\/\/spraysensors.tecnar.com\/fr\/wp-json\/wp\/v2\/pages\/3325\/revisions"}],"predecessor-version":[{"id":4503,"href":"https:\/\/spraysensors.tecnar.com\/fr\/wp-json\/wp\/v2\/pages\/3325\/revisions\/4503"}],"up":[{"embeddable":true,"href":"https:\/\/spraysensors.tecnar.com\/fr\/wp-json\/wp\/v2\/pages\/3284"}],"wp:attachment":[{"href":"https:\/\/spraysensors.tecnar.com\/fr\/wp-json\/wp\/v2\/media?parent=3325"}],"curies":[{"name":"wp","href":"https:\/\/api.w.org\/{rel}","templated":true}]}}