
{"id":3329,"date":"2020-10-06T14:55:42","date_gmt":"2020-10-06T18:55:42","guid":{"rendered":"https:\/\/spray-sensors.shany.ca\/contact-us\/"},"modified":"2021-10-21T13:41:44","modified_gmt":"2021-10-21T17:41:44","slug":"nous-contacter","status":"publish","type":"page","link":"https:\/\/spraysensors.tecnar.com\/fr\/nous-contacter\/","title":{"rendered":"Nous contacter"},"content":{"rendered":"","protected":false},"excerpt":{"rendered":"<p> [&#8230;]<\/p>\n<p><a class=\"btn btn-secondary understrap-read-more-link\" href=\"https:\/\/spraysensors.tecnar.com\/fr\/nous-contacter\/\">Read More&#8230;<\/a><\/p>\n","protected":false},"author":1,"featured_media":0,"parent":0,"menu_order":0,"comment_status":"closed","ping_status":"closed","template":"page-templates\/tmp_flexible.php","meta":{"_acf_changed":false,"footnotes":""},"acf":[],"yoast_head":"<!-- This site is optimized with the Yoast SEO plugin v24.2 - https:\/\/yoast.com\/wordpress\/plugins\/seo\/ -->\n<title>Contactez nous | Senseurs de projection Tecnar<\/title>\n<meta name=\"description\" content=\"Vous souhaitez optimiser l\u2019utilisation de votre cabine de projection? Notre \u00e9quipe r\u00e9pondra \u00e0 toutes vos questions et vous orientera vers la solution qui correspond le mieux \u00e0 vos besoins.\" \/>\n<meta name=\"robots\" content=\"index, follow, max-snippet:-1, max-image-preview:large, max-video-preview:-1\" \/>\n<link rel=\"canonical\" href=\"https:\/\/spraysensors.tecnar.com\/fr\/nous-contacter\/\" \/>\n<meta property=\"og:locale\" content=\"fr_FR\" \/>\n<meta property=\"og:type\" content=\"article\" \/>\n<meta property=\"og:title\" content=\"Contact us | Tecnar Spray Sensors\" \/>\n<meta property=\"og:description\" content=\"Interested in getting the most out of your spray booth? Our team will answer all your questions and suggest the best solution for your needs.\" \/>\n<meta property=\"og:url\" content=\"https:\/\/spraysensors.tecnar.com\/fr\/nous-contacter\/\" \/>\n<meta property=\"og:site_name\" content=\"Tecnar Thermal Spray\" \/>\n<meta property=\"article:publisher\" content=\"https:\/\/www.facebook.com\/tecnarautomation\" \/>\n<meta property=\"article:modified_time\" content=\"2021-10-21T17:41:44+00:00\" \/>\n<meta property=\"og:image\" content=\"https:\/\/spray-sensors.shany.ca\/wp-content\/uploads\/2021\/05\/Spray-Sensors-Hero-web-7.png\" \/>\n\t<meta property=\"og:image:width\" content=\"1200\" \/>\n\t<meta property=\"og:image:height\" content=\"627\" \/>\n\t<meta property=\"og:image:type\" content=\"image\/png\" \/>\n<meta name=\"twitter:card\" content=\"summary_large_image\" \/>\n<meta name=\"twitter:title\" content=\"Contact us | Tecnar Spray Sensors\" \/>\n<meta name=\"twitter:description\" content=\"Interested in getting the most out of your spray booth? Our team will answer all your questions and suggest the best solution for your needs.\" \/>\n<meta name=\"twitter:image\" content=\"https:\/\/spraysensors.tecnar.com\/wp-content\/uploads\/2021\/05\/Spray-Sensors-Hero-web-7.png\" \/>\n<script type=\"application\/ld+json\" class=\"yoast-schema-graph\">{\"@context\":\"https:\/\/schema.org\",\"@graph\":[{\"@type\":\"WebPage\",\"@id\":\"https:\/\/spraysensors.tecnar.com\/fr\/nous-contacter\/\",\"url\":\"https:\/\/spraysensors.tecnar.com\/fr\/nous-contacter\/\",\"name\":\"Contactez nous | Senseurs de projection Tecnar\",\"isPartOf\":{\"@id\":\"https:\/\/spray-sensors.shany.ca\/#website\"},\"datePublished\":\"2020-10-06T18:55:42+00:00\",\"dateModified\":\"2021-10-21T17:41:44+00:00\",\"description\":\"Vous souhaitez optimiser l\u2019utilisation de votre cabine de projection? Notre \u00e9quipe r\u00e9pondra \u00e0 toutes vos questions et vous orientera vers la solution qui correspond le mieux \u00e0 vos besoins.\",\"breadcrumb\":{\"@id\":\"https:\/\/spraysensors.tecnar.com\/fr\/nous-contacter\/#breadcrumb\"},\"inLanguage\":\"fr-FR\",\"potentialAction\":[{\"@type\":\"ReadAction\",\"target\":[\"https:\/\/spraysensors.tecnar.com\/fr\/nous-contacter\/\"]}]},{\"@type\":\"BreadcrumbList\",\"@id\":\"https:\/\/spraysensors.tecnar.com\/fr\/nous-contacter\/#breadcrumb\",\"itemListElement\":[{\"@type\":\"ListItem\",\"position\":1,\"name\":\"Home\",\"item\":\"https:\/\/spraysensors.tecnar.com\/fr\/\"},{\"@type\":\"ListItem\",\"position\":2,\"name\":\"Nous contacter\"}]},{\"@type\":\"WebSite\",\"@id\":\"https:\/\/spray-sensors.shany.ca\/#website\",\"url\":\"https:\/\/spray-sensors.shany.ca\/\",\"name\":\"Spray Sensors\",\"description\":\"\",\"publisher\":{\"@id\":\"https:\/\/spray-sensors.shany.ca\/#organization\"},\"potentialAction\":[{\"@type\":\"SearchAction\",\"target\":{\"@type\":\"EntryPoint\",\"urlTemplate\":\"https:\/\/spray-sensors.shany.ca\/?s={search_term_string}\"},\"query-input\":{\"@type\":\"PropertyValueSpecification\",\"valueRequired\":true,\"valueName\":\"search_term_string\"}}],\"inLanguage\":\"fr-FR\"},{\"@type\":\"Organization\",\"@id\":\"https:\/\/spray-sensors.shany.ca\/#organization\",\"name\":\"Tecnar Automation Ltd\",\"url\":\"https:\/\/spray-sensors.shany.ca\/\",\"logo\":{\"@type\":\"ImageObject\",\"inLanguage\":\"fr-FR\",\"@id\":\"https:\/\/spray-sensors.shany.ca\/#\/schema\/logo\/image\/\",\"url\":\"https:\/\/spraysensors.tecnar.com\/wp-content\/uploads\/2021\/05\/cropped-Logo_web_480x215-2.png\",\"contentUrl\":\"https:\/\/spraysensors.tecnar.com\/wp-content\/uploads\/2021\/05\/cropped-Logo_web_480x215-2.png\",\"width\":480,\"height\":186,\"caption\":\"Tecnar Automation Ltd\"},\"image\":{\"@id\":\"https:\/\/spray-sensors.shany.ca\/#\/schema\/logo\/image\/\"},\"sameAs\":[\"https:\/\/www.facebook.com\/tecnarautomation\",\"https:\/\/www.linkedin.com\/showcase\/tecnar-thermal-spray\",\"https:\/\/www.youtube.com\/@tecnarchannel2194\"]}]}<\/script>\n<!-- \/ Yoast SEO plugin. -->","yoast_head_json":{"title":"Contactez nous | Senseurs de projection Tecnar","description":"Vous souhaitez optimiser l\u2019utilisation de votre cabine de projection? Notre \u00e9quipe r\u00e9pondra \u00e0 toutes vos questions et vous orientera vers la solution qui correspond le mieux \u00e0 vos besoins.","robots":{"index":"index","follow":"follow","max-snippet":"max-snippet:-1","max-image-preview":"max-image-preview:large","max-video-preview":"max-video-preview:-1"},"canonical":"https:\/\/spraysensors.tecnar.com\/fr\/nous-contacter\/","og_locale":"fr_FR","og_type":"article","og_title":"Contact us | Tecnar Spray Sensors","og_description":"Interested in getting the most out of your spray booth? Our team will answer all your questions and suggest the best solution for your needs.","og_url":"https:\/\/spraysensors.tecnar.com\/fr\/nous-contacter\/","og_site_name":"Tecnar Thermal Spray","article_publisher":"https:\/\/www.facebook.com\/tecnarautomation","article_modified_time":"2021-10-21T17:41:44+00:00","og_image":[{"width":1200,"height":627,"url":"https:\/\/spray-sensors.shany.ca\/wp-content\/uploads\/2021\/05\/Spray-Sensors-Hero-web-7.png","type":"image\/png"}],"twitter_card":"summary_large_image","twitter_title":"Contact us | Tecnar Spray Sensors","twitter_description":"Interested in getting the most out of your spray booth? Our team will answer all your questions and suggest the best solution for your needs.","twitter_image":"https:\/\/spraysensors.tecnar.com\/wp-content\/uploads\/2021\/05\/Spray-Sensors-Hero-web-7.png","schema":{"@context":"https:\/\/schema.org","@graph":[{"@type":"WebPage","@id":"https:\/\/spraysensors.tecnar.com\/fr\/nous-contacter\/","url":"https:\/\/spraysensors.tecnar.com\/fr\/nous-contacter\/","name":"Contactez nous | Senseurs de projection Tecnar","isPartOf":{"@id":"https:\/\/spray-sensors.shany.ca\/#website"},"datePublished":"2020-10-06T18:55:42+00:00","dateModified":"2021-10-21T17:41:44+00:00","description":"Vous souhaitez optimiser l\u2019utilisation de votre cabine de projection? Notre \u00e9quipe r\u00e9pondra \u00e0 toutes vos questions et vous orientera vers la solution qui correspond le mieux \u00e0 vos besoins.","breadcrumb":{"@id":"https:\/\/spraysensors.tecnar.com\/fr\/nous-contacter\/#breadcrumb"},"inLanguage":"fr-FR","potentialAction":[{"@type":"ReadAction","target":["https:\/\/spraysensors.tecnar.com\/fr\/nous-contacter\/"]}]},{"@type":"BreadcrumbList","@id":"https:\/\/spraysensors.tecnar.com\/fr\/nous-contacter\/#breadcrumb","itemListElement":[{"@type":"ListItem","position":1,"name":"Home","item":"https:\/\/spraysensors.tecnar.com\/fr\/"},{"@type":"ListItem","position":2,"name":"Nous contacter"}]},{"@type":"WebSite","@id":"https:\/\/spray-sensors.shany.ca\/#website","url":"https:\/\/spray-sensors.shany.ca\/","name":"Spray Sensors","description":"","publisher":{"@id":"https:\/\/spray-sensors.shany.ca\/#organization"},"potentialAction":[{"@type":"SearchAction","target":{"@type":"EntryPoint","urlTemplate":"https:\/\/spray-sensors.shany.ca\/?s={search_term_string}"},"query-input":{"@type":"PropertyValueSpecification","valueRequired":true,"valueName":"search_term_string"}}],"inLanguage":"fr-FR"},{"@type":"Organization","@id":"https:\/\/spray-sensors.shany.ca\/#organization","name":"Tecnar Automation Ltd","url":"https:\/\/spray-sensors.shany.ca\/","logo":{"@type":"ImageObject","inLanguage":"fr-FR","@id":"https:\/\/spray-sensors.shany.ca\/#\/schema\/logo\/image\/","url":"https:\/\/spraysensors.tecnar.com\/wp-content\/uploads\/2021\/05\/cropped-Logo_web_480x215-2.png","contentUrl":"https:\/\/spraysensors.tecnar.com\/wp-content\/uploads\/2021\/05\/cropped-Logo_web_480x215-2.png","width":480,"height":186,"caption":"Tecnar Automation Ltd"},"image":{"@id":"https:\/\/spray-sensors.shany.ca\/#\/schema\/logo\/image\/"},"sameAs":["https:\/\/www.facebook.com\/tecnarautomation","https:\/\/www.linkedin.com\/showcase\/tecnar-thermal-spray","https:\/\/www.youtube.com\/@tecnarchannel2194"]}]}},"_links":{"self":[{"href":"https:\/\/spraysensors.tecnar.com\/fr\/wp-json\/wp\/v2\/pages\/3329"}],"collection":[{"href":"https:\/\/spraysensors.tecnar.com\/fr\/wp-json\/wp\/v2\/pages"}],"about":[{"href":"https:\/\/spraysensors.tecnar.com\/fr\/wp-json\/wp\/v2\/types\/page"}],"author":[{"embeddable":true,"href":"https:\/\/spraysensors.tecnar.com\/fr\/wp-json\/wp\/v2\/users\/1"}],"replies":[{"embeddable":true,"href":"https:\/\/spraysensors.tecnar.com\/fr\/wp-json\/wp\/v2\/comments?post=3329"}],"version-history":[{"count":2,"href":"https:\/\/spraysensors.tecnar.com\/fr\/wp-json\/wp\/v2\/pages\/3329\/revisions"}],"predecessor-version":[{"id":3331,"href":"https:\/\/spraysensors.tecnar.com\/fr\/wp-json\/wp\/v2\/pages\/3329\/revisions\/3331"}],"wp:attachment":[{"href":"https:\/\/spraysensors.tecnar.com\/fr\/wp-json\/wp\/v2\/media?parent=3329"}],"curies":[{"name":"wp","href":"https:\/\/api.w.org\/{rel}","templated":true}]}}