
{"id":4146,"date":"2022-04-21T10:48:41","date_gmt":"2022-04-21T14:48:41","guid":{"rendered":"https:\/\/spray-sensors.shany.ca\/research-discount\/"},"modified":"2023-11-07T11:11:24","modified_gmt":"2023-11-07T16:11:24","slug":"rabais-recherche","status":"publish","type":"page","link":"https:\/\/spraysensors.tecnar.com\/fr\/rabais-recherche\/","title":{"rendered":"Rabais de Recherche"},"content":{"rendered":"","protected":false},"excerpt":{"rendered":"<p> [&#8230;]<\/p>\n<p><a class=\"btn btn-secondary understrap-read-more-link\" href=\"https:\/\/spraysensors.tecnar.com\/fr\/rabais-recherche\/\">Read More&#8230;<\/a><\/p>\n","protected":false},"author":2,"featured_media":0,"parent":0,"menu_order":0,"comment_status":"closed","ping_status":"closed","template":"page-templates\/tmp_flexible.php","meta":{"_acf_changed":false,"footnotes":""},"acf":[],"yoast_head":"<!-- This site is optimized with the Yoast SEO plugin v24.2 - https:\/\/yoast.com\/wordpress\/plugins\/seo\/ -->\n<title>Rabais de Recherche - Accuraspray 4.0 par Tecnar<\/title>\n<meta name=\"description\" content=\"Tecnar investie dans la recherche! Notre vision est que tous les chercheurs aient acc\u00e8s \u00e0 un Accuraspray 4.0. Contactez-nous pour les d\u00e9tails.\" \/>\n<meta name=\"robots\" content=\"index, follow, max-snippet:-1, max-image-preview:large, max-video-preview:-1\" \/>\n<link rel=\"canonical\" href=\"https:\/\/spraysensors.tecnar.com\/fr\/rabais-recherche\/\" \/>\n<meta property=\"og:locale\" content=\"fr_FR\" \/>\n<meta property=\"og:type\" content=\"article\" \/>\n<meta property=\"og:title\" content=\"Rabais de Recherche - Accuraspray 4.0 par Tecnar\" \/>\n<meta property=\"og:description\" content=\"Tecnar investie dans la recherche! Notre vision est que tous les chercheurs aient acc\u00e8s \u00e0 un Accuraspray 4.0. Contactez-nous pour les d\u00e9tails.\" \/>\n<meta property=\"og:url\" content=\"https:\/\/spraysensors.tecnar.com\/fr\/rabais-recherche\/\" \/>\n<meta property=\"og:site_name\" content=\"Tecnar Thermal Spray\" \/>\n<meta property=\"article:publisher\" content=\"https:\/\/www.facebook.com\/tecnarautomation\" \/>\n<meta property=\"article:modified_time\" content=\"2023-11-07T16:11:24+00:00\" \/>\n<meta property=\"og:image\" content=\"https:\/\/spraysensors.tecnar.com\/wp-content\/uploads\/2021\/05\/cropped-Logo_web_480x215-2.png\" \/>\n\t<meta property=\"og:image:width\" content=\"480\" \/>\n\t<meta property=\"og:image:height\" content=\"186\" \/>\n\t<meta property=\"og:image:type\" content=\"image\/png\" \/>\n<meta name=\"twitter:card\" content=\"summary_large_image\" \/>\n<script type=\"application\/ld+json\" class=\"yoast-schema-graph\">{\"@context\":\"https:\/\/schema.org\",\"@graph\":[{\"@type\":\"WebPage\",\"@id\":\"https:\/\/spraysensors.tecnar.com\/fr\/rabais-recherche\/\",\"url\":\"https:\/\/spraysensors.tecnar.com\/fr\/rabais-recherche\/\",\"name\":\"Rabais de Recherche - Accuraspray 4.0 par Tecnar\",\"isPartOf\":{\"@id\":\"https:\/\/spray-sensors.shany.ca\/#website\"},\"datePublished\":\"2022-04-21T14:48:41+00:00\",\"dateModified\":\"2023-11-07T16:11:24+00:00\",\"description\":\"Tecnar investie dans la recherche! Notre vision est que tous les chercheurs aient acc\u00e8s \u00e0 un Accuraspray 4.0. Contactez-nous pour les d\u00e9tails.\",\"breadcrumb\":{\"@id\":\"https:\/\/spraysensors.tecnar.com\/fr\/rabais-recherche\/#breadcrumb\"},\"inLanguage\":\"fr-FR\",\"potentialAction\":[{\"@type\":\"ReadAction\",\"target\":[\"https:\/\/spraysensors.tecnar.com\/fr\/rabais-recherche\/\"]}]},{\"@type\":\"BreadcrumbList\",\"@id\":\"https:\/\/spraysensors.tecnar.com\/fr\/rabais-recherche\/#breadcrumb\",\"itemListElement\":[{\"@type\":\"ListItem\",\"position\":1,\"name\":\"Home\",\"item\":\"https:\/\/spraysensors.tecnar.com\/fr\/\"},{\"@type\":\"ListItem\",\"position\":2,\"name\":\"Rabais de Recherche\"}]},{\"@type\":\"WebSite\",\"@id\":\"https:\/\/spray-sensors.shany.ca\/#website\",\"url\":\"https:\/\/spray-sensors.shany.ca\/\",\"name\":\"Spray Sensors\",\"description\":\"\",\"publisher\":{\"@id\":\"https:\/\/spray-sensors.shany.ca\/#organization\"},\"potentialAction\":[{\"@type\":\"SearchAction\",\"target\":{\"@type\":\"EntryPoint\",\"urlTemplate\":\"https:\/\/spray-sensors.shany.ca\/?s={search_term_string}\"},\"query-input\":{\"@type\":\"PropertyValueSpecification\",\"valueRequired\":true,\"valueName\":\"search_term_string\"}}],\"inLanguage\":\"fr-FR\"},{\"@type\":\"Organization\",\"@id\":\"https:\/\/spray-sensors.shany.ca\/#organization\",\"name\":\"Tecnar Automation Ltd\",\"url\":\"https:\/\/spray-sensors.shany.ca\/\",\"logo\":{\"@type\":\"ImageObject\",\"inLanguage\":\"fr-FR\",\"@id\":\"https:\/\/spray-sensors.shany.ca\/#\/schema\/logo\/image\/\",\"url\":\"https:\/\/spraysensors.tecnar.com\/wp-content\/uploads\/2021\/05\/cropped-Logo_web_480x215-2.png\",\"contentUrl\":\"https:\/\/spraysensors.tecnar.com\/wp-content\/uploads\/2021\/05\/cropped-Logo_web_480x215-2.png\",\"width\":480,\"height\":186,\"caption\":\"Tecnar Automation Ltd\"},\"image\":{\"@id\":\"https:\/\/spray-sensors.shany.ca\/#\/schema\/logo\/image\/\"},\"sameAs\":[\"https:\/\/www.facebook.com\/tecnarautomation\",\"https:\/\/www.linkedin.com\/showcase\/tecnar-thermal-spray\",\"https:\/\/www.youtube.com\/@tecnarchannel2194\"]}]}<\/script>\n<!-- \/ Yoast SEO plugin. -->","yoast_head_json":{"title":"Rabais de Recherche - Accuraspray 4.0 par Tecnar","description":"Tecnar investie dans la recherche! Notre vision est que tous les chercheurs aient acc\u00e8s \u00e0 un Accuraspray 4.0. Contactez-nous pour les d\u00e9tails.","robots":{"index":"index","follow":"follow","max-snippet":"max-snippet:-1","max-image-preview":"max-image-preview:large","max-video-preview":"max-video-preview:-1"},"canonical":"https:\/\/spraysensors.tecnar.com\/fr\/rabais-recherche\/","og_locale":"fr_FR","og_type":"article","og_title":"Rabais de Recherche - Accuraspray 4.0 par Tecnar","og_description":"Tecnar investie dans la recherche! Notre vision est que tous les chercheurs aient acc\u00e8s \u00e0 un Accuraspray 4.0. Contactez-nous pour les d\u00e9tails.","og_url":"https:\/\/spraysensors.tecnar.com\/fr\/rabais-recherche\/","og_site_name":"Tecnar Thermal Spray","article_publisher":"https:\/\/www.facebook.com\/tecnarautomation","article_modified_time":"2023-11-07T16:11:24+00:00","og_image":[{"width":480,"height":186,"url":"https:\/\/spraysensors.tecnar.com\/wp-content\/uploads\/2021\/05\/cropped-Logo_web_480x215-2.png","type":"image\/png"}],"twitter_card":"summary_large_image","schema":{"@context":"https:\/\/schema.org","@graph":[{"@type":"WebPage","@id":"https:\/\/spraysensors.tecnar.com\/fr\/rabais-recherche\/","url":"https:\/\/spraysensors.tecnar.com\/fr\/rabais-recherche\/","name":"Rabais de Recherche - Accuraspray 4.0 par Tecnar","isPartOf":{"@id":"https:\/\/spray-sensors.shany.ca\/#website"},"datePublished":"2022-04-21T14:48:41+00:00","dateModified":"2023-11-07T16:11:24+00:00","description":"Tecnar investie dans la recherche! Notre vision est que tous les chercheurs aient acc\u00e8s \u00e0 un Accuraspray 4.0. Contactez-nous pour les d\u00e9tails.","breadcrumb":{"@id":"https:\/\/spraysensors.tecnar.com\/fr\/rabais-recherche\/#breadcrumb"},"inLanguage":"fr-FR","potentialAction":[{"@type":"ReadAction","target":["https:\/\/spraysensors.tecnar.com\/fr\/rabais-recherche\/"]}]},{"@type":"BreadcrumbList","@id":"https:\/\/spraysensors.tecnar.com\/fr\/rabais-recherche\/#breadcrumb","itemListElement":[{"@type":"ListItem","position":1,"name":"Home","item":"https:\/\/spraysensors.tecnar.com\/fr\/"},{"@type":"ListItem","position":2,"name":"Rabais de Recherche"}]},{"@type":"WebSite","@id":"https:\/\/spray-sensors.shany.ca\/#website","url":"https:\/\/spray-sensors.shany.ca\/","name":"Spray Sensors","description":"","publisher":{"@id":"https:\/\/spray-sensors.shany.ca\/#organization"},"potentialAction":[{"@type":"SearchAction","target":{"@type":"EntryPoint","urlTemplate":"https:\/\/spray-sensors.shany.ca\/?s={search_term_string}"},"query-input":{"@type":"PropertyValueSpecification","valueRequired":true,"valueName":"search_term_string"}}],"inLanguage":"fr-FR"},{"@type":"Organization","@id":"https:\/\/spray-sensors.shany.ca\/#organization","name":"Tecnar Automation Ltd","url":"https:\/\/spray-sensors.shany.ca\/","logo":{"@type":"ImageObject","inLanguage":"fr-FR","@id":"https:\/\/spray-sensors.shany.ca\/#\/schema\/logo\/image\/","url":"https:\/\/spraysensors.tecnar.com\/wp-content\/uploads\/2021\/05\/cropped-Logo_web_480x215-2.png","contentUrl":"https:\/\/spraysensors.tecnar.com\/wp-content\/uploads\/2021\/05\/cropped-Logo_web_480x215-2.png","width":480,"height":186,"caption":"Tecnar Automation Ltd"},"image":{"@id":"https:\/\/spray-sensors.shany.ca\/#\/schema\/logo\/image\/"},"sameAs":["https:\/\/www.facebook.com\/tecnarautomation","https:\/\/www.linkedin.com\/showcase\/tecnar-thermal-spray","https:\/\/www.youtube.com\/@tecnarchannel2194"]}]}},"_links":{"self":[{"href":"https:\/\/spraysensors.tecnar.com\/fr\/wp-json\/wp\/v2\/pages\/4146"}],"collection":[{"href":"https:\/\/spraysensors.tecnar.com\/fr\/wp-json\/wp\/v2\/pages"}],"about":[{"href":"https:\/\/spraysensors.tecnar.com\/fr\/wp-json\/wp\/v2\/types\/page"}],"author":[{"embeddable":true,"href":"https:\/\/spraysensors.tecnar.com\/fr\/wp-json\/wp\/v2\/users\/2"}],"replies":[{"embeddable":true,"href":"https:\/\/spraysensors.tecnar.com\/fr\/wp-json\/wp\/v2\/comments?post=4146"}],"version-history":[{"count":9,"href":"https:\/\/spraysensors.tecnar.com\/fr\/wp-json\/wp\/v2\/pages\/4146\/revisions"}],"predecessor-version":[{"id":5591,"href":"https:\/\/spraysensors.tecnar.com\/fr\/wp-json\/wp\/v2\/pages\/4146\/revisions\/5591"}],"wp:attachment":[{"href":"https:\/\/spraysensors.tecnar.com\/fr\/wp-json\/wp\/v2\/media?parent=4146"}],"curies":[{"name":"wp","href":"https:\/\/api.w.org\/{rel}","templated":true}]}}